{"id":17,"date":"2024-10-02T19:04:25","date_gmt":"2024-10-02T17:04:25","guid":{"rendered":"http:\/\/congres-seco.com\/?page_id=17"},"modified":"2026-02-23T09:37:33","modified_gmt":"2026-02-23T08:37:33","slug":"accueil","status":"publish","type":"page","link":"https:\/\/congres-seco.com\/","title":{"rendered":"Accueil"},"content":{"rendered":"\n<div style=\"height:59px\" aria-hidden=\"true\" class=\"wp-block-spacer\"><\/div>\n\n\n\n<p class=\"has-text-align-center has-luminous-vivid-orange-color has-text-color has-link-color wp-elements-8ca4f9a990157a0e2b8a33970e0be764\" style=\"font-size:30px\"><strong>La 63\u00e8me \u00e9dition de la SECO aura lieu \u00e0 Argel\u00e8s-sur-Mer du 17 au 22 mai 2026<\/strong><\/p>\n\n\n\n<div style=\"height:59px\" aria-hidden=\"true\" class=\"wp-block-spacer\"><\/div>\n\n\n\n<div class=\"wp-block-group\"><div class=\"wp-block-group__inner-container is-layout-constrained wp-block-group-is-layout-constrained\">\n<div class=\"wp-block-columns is-layout-flex wp-container-core-columns-is-layout-9d6595d7 wp-block-columns-is-layout-flex\">\n<div class=\"wp-block-column is-layout-flow wp-block-column-is-layout-flow\" style=\"flex-basis:33.34%\"><div class=\"wp-block-image\">\n<figure class=\"alignleft size-full\"><img loading=\"lazy\" decoding=\"async\" width=\"1005\" height=\"670\" src=\"http:\/\/congres-seco.com\/wp-content\/uploads\/2025\/09\/argeles1.jpg\" alt=\"\" class=\"wp-image-386\" srcset=\"https:\/\/congres-seco.com\/wp-content\/uploads\/2025\/09\/argeles1.jpg 1005w, https:\/\/congres-seco.com\/wp-content\/uploads\/2025\/09\/argeles1-300x200.jpg 300w, https:\/\/congres-seco.com\/wp-content\/uploads\/2025\/09\/argeles1-768x512.jpg 768w\" sizes=\"auto, (max-width: 1005px) 100vw, 1005px\" \/><\/figure>\n<\/div><\/div>\n\n\n\n<div class=\"wp-block-column is-layout-flow wp-block-column-is-layout-flow\" style=\"flex-basis:33.34%\">\n<figure class=\"wp-block-image size-full\"><img loading=\"lazy\" decoding=\"async\" width=\"1005\" height=\"670\" src=\"https:\/\/congres-seco.com\/wp-content\/uploads\/2025\/09\/argeles2.jpg\" alt=\"\" class=\"wp-image-387\" srcset=\"https:\/\/congres-seco.com\/wp-content\/uploads\/2025\/09\/argeles2.jpg 1005w, https:\/\/congres-seco.com\/wp-content\/uploads\/2025\/09\/argeles2-300x200.jpg 300w, https:\/\/congres-seco.com\/wp-content\/uploads\/2025\/09\/argeles2-768x512.jpg 768w\" sizes=\"auto, (max-width: 1005px) 100vw, 1005px\" \/><\/figure>\n<\/div>\n\n\n\n<div class=\"wp-block-column is-layout-flow wp-block-column-is-layout-flow\" style=\"flex-basis:33.33%\">\n<figure class=\"wp-block-image size-full\"><img loading=\"lazy\" decoding=\"async\" width=\"1005\" height=\"670\" src=\"https:\/\/congres-seco.com\/wp-content\/uploads\/2025\/09\/argeles3.jpg\" alt=\"\" class=\"wp-image-388\" srcset=\"https:\/\/congres-seco.com\/wp-content\/uploads\/2025\/09\/argeles3.jpg 1005w, https:\/\/congres-seco.com\/wp-content\/uploads\/2025\/09\/argeles3-300x200.jpg 300w, https:\/\/congres-seco.com\/wp-content\/uploads\/2025\/09\/argeles3-768x512.jpg 768w\" sizes=\"auto, (max-width: 1005px) 100vw, 1005px\" \/><\/figure>\n<\/div>\n<\/div>\n<\/div><\/div>\n\n\n\n<div style=\"height:59px\" aria-hidden=\"true\" class=\"wp-block-spacer\"><\/div>\n\n\n\n<p class=\"has-text-align-center has-black-color has-text-color has-link-color wp-elements-86dd135370fe26653ae04517cd51425e\" style=\"font-size:23px\">La&nbsp;<strong><mark style=\"background-color:rgba(0, 0, 0, 0)\" class=\"has-inline-color has-luminous-vivid-orange-color\">Semaine d&rsquo;\u00c9tudes en Chimie Organique<\/mark><\/strong>&nbsp;(SECO)&nbsp;est un \u00e9v\u00e9nement annuel qui permet une semaine d&rsquo;\u00e9changes entre scientifiques.<\/p>\n\n\n\n<p class=\"has-text-align-center has-link-color wp-elements-7e3b488212bf73cdf617c2a4f044d91f\" style=\"font-size:23px\">Depuis 63 ans, ce congr\u00e8s permet la rencontre entre une soixantaine de doctorants fran\u00e7ais et europ\u00e9ens et de conf\u00e9renciers invit\u00e9s, acad\u00e9miques ou industriels, de divers horizons pour aborder les diff\u00e9rents aspects de la chimie organique en toute convivialit\u00e9. Cette rencontre a pour but de permettre \u00e0 chacun de pr\u00e9senter ses travaux ainsi que de partager et\/ou confronter ses id\u00e9es et projets avec ses pairs.<\/p>\n\n\n\n<p class=\"has-text-align-center has-link-color wp-elements-68fc82daa552d132355a5d252273df97\" style=\"font-size:23px\">C&rsquo;est aussi une formidable opportunit\u00e9 d&rsquo;\u00e9largir ses connaissances dans les diff\u00e9rents domaines de la chimie organique.<\/p>\n\n\n\n<p class=\"has-text-align-center has-link-color wp-elements-530b962b8bf97f6fe8677bf9c229ead8\" style=\"font-size:23px\"><br><strong>Pour toute inscription, nous garantissons une communication orale en anglais.<\/strong><\/p>\n","protected":false},"excerpt":{"rendered":"<p>La 63\u00e8me \u00e9dition de la SECO aura lieu \u00e0 Argel\u00e8s-sur-Mer du 17 au 22 mai 2026 La&nbsp;Semaine d&rsquo;\u00c9tudes en Chimie Organique&nbsp;(SECO)&nbsp;est un \u00e9v\u00e9nement annuel qui permet une semaine d&rsquo;\u00e9changes entre scientifiques. Depuis 63 ans, ce congr\u00e8s permet la rencontre entre une soixantaine de doctorants fran\u00e7ais et europ\u00e9ens et de conf\u00e9renciers invit\u00e9s, acad\u00e9miques ou industriels, de divers horizons pour aborder les diff\u00e9rents aspects de la chimie organique en toute convivialit\u00e9. Cette rencontre a pour but de permettre \u00e0 chacun de pr\u00e9senter ses travaux ainsi que de partager et\/ou confronter ses id\u00e9es et projets avec ses pairs. C&rsquo;est aussi une formidable opportunit\u00e9 d&rsquo;\u00e9largir ses connaissances dans les diff\u00e9rents domaines de la chimie organique. Pour toute inscription, nous garantissons une communication orale en anglais.<\/p>\n","protected":false},"author":1,"featured_media":0,"parent":0,"menu_order":0,"comment_status":"closed","ping_status":"closed","template":"","meta":{"footnotes":""},"class_list":["post-17","page","type-page","status-publish","hentry"],"yoast_head":"<!-- This site is optimized with the Yoast SEO plugin v27.4 - https:\/\/yoast.com\/product\/yoast-seo-wordpress\/ -->\n<title>Seco 63 - Semaine d&#039;\u00e9tudes en chimie organique<\/title>\n<meta name=\"description\" content=\"La 63\u00e8me \u00e9dition de la SECO aura lieu \u00e0 Argel\u00e8s-sur-Mer du 17 au 22 mai 2026. La\u00a0Semaine d&#039;\u00c9tudes en Chimie Organique\u00a0(SECO)\u00a0est un \u00e9v\u00e9nement annuel qui permet une semaine d&#039;\u00e9changes entre scientifiques. Depuis 63 ans, ce congr\u00e8s permet la rencontre entre une soixantaine de doctorants fran\u00e7ais et europ\u00e9ens et de conf\u00e9renciers invit\u00e9s, acad\u00e9miques ou industriels, de divers horizons pour aborder les diff\u00e9rents aspects de la chimie organique en toute convivialit\u00e9. Cette rencontre a pour but de permettre \u00e0 chacun de pr\u00e9senter ses travaux ainsi que de partager et\/ou confronter ses id\u00e9es et projets avec ses pairs. C&#039;est aussi une formidable opportunit\u00e9 d&#039;\u00e9largir ses connaissances dans les diff\u00e9rents domaines de la chimie organique.\" \/>\n<meta name=\"robots\" content=\"index, follow, max-snippet:-1, max-image-preview:large, max-video-preview:-1\" \/>\n<link rel=\"canonical\" href=\"https:\/\/congres-seco.com\/\" \/>\n<meta property=\"og:locale\" content=\"fr_FR\" \/>\n<meta property=\"og:type\" content=\"article\" \/>\n<meta property=\"og:title\" content=\"Seco 63 - Semaine d&#039;\u00e9tudes en chimie organique\" \/>\n<meta property=\"og:description\" content=\"La 63\u00e8me \u00e9dition de la SECO aura lieu \u00e0 Argel\u00e8s-sur-Mer du 17 au 22 mai 2026. La\u00a0Semaine d&#039;\u00c9tudes en Chimie Organique\u00a0(SECO)\u00a0est un \u00e9v\u00e9nement annuel qui permet une semaine d&#039;\u00e9changes entre scientifiques. Depuis 63 ans, ce congr\u00e8s permet la rencontre entre une soixantaine de doctorants fran\u00e7ais et europ\u00e9ens et de conf\u00e9renciers invit\u00e9s, acad\u00e9miques ou industriels, de divers horizons pour aborder les diff\u00e9rents aspects de la chimie organique en toute convivialit\u00e9. Cette rencontre a pour but de permettre \u00e0 chacun de pr\u00e9senter ses travaux ainsi que de partager et\/ou confronter ses id\u00e9es et projets avec ses pairs. C&#039;est aussi une formidable opportunit\u00e9 d&#039;\u00e9largir ses connaissances dans les diff\u00e9rents domaines de la chimie organique.\" \/>\n<meta property=\"og:url\" content=\"https:\/\/congres-seco.com\/\" \/>\n<meta property=\"og:site_name\" content=\"Seco 63 - Semaine d&#039;\u00e9tudes en chimie organique\" \/>\n<meta property=\"article:modified_time\" content=\"2026-02-23T08:37:33+00:00\" \/>\n<meta property=\"og:image\" content=\"https:\/\/congres-seco.com\/wp-content\/uploads\/2025\/09\/argeles1.jpg\" \/>\n\t<meta property=\"og:image:width\" content=\"1005\" \/>\n\t<meta property=\"og:image:height\" content=\"670\" \/>\n\t<meta property=\"og:image:type\" content=\"image\/jpeg\" \/>\n<meta name=\"twitter:card\" content=\"summary_large_image\" \/>\n<meta name=\"twitter:label1\" content=\"Dur\u00e9e de lecture estim\u00e9e\" \/>\n\t<meta name=\"twitter:data1\" content=\"2 minutes\" \/>\n<script type=\"application\/ld+json\" class=\"yoast-schema-graph\">{\"@context\":\"https:\\\/\\\/schema.org\",\"@graph\":[{\"@type\":\"WebPage\",\"@id\":\"https:\\\/\\\/congres-seco.com\\\/\",\"url\":\"https:\\\/\\\/congres-seco.com\\\/\",\"name\":\"Seco 63 - Semaine d&#039;\u00e9tudes en chimie organique\",\"isPartOf\":{\"@id\":\"https:\\\/\\\/congres-seco.com\\\/#website\"},\"primaryImageOfPage\":{\"@id\":\"https:\\\/\\\/congres-seco.com\\\/#primaryimage\"},\"image\":{\"@id\":\"https:\\\/\\\/congres-seco.com\\\/#primaryimage\"},\"thumbnailUrl\":\"http:\\\/\\\/congres-seco.com\\\/wp-content\\\/uploads\\\/2025\\\/09\\\/argeles1.jpg\",\"datePublished\":\"2024-10-02T17:04:25+00:00\",\"dateModified\":\"2026-02-23T08:37:33+00:00\",\"description\":\"La 63\u00e8me \u00e9dition de la SECO aura lieu \u00e0 Argel\u00e8s-sur-Mer du 17 au 22 mai 2026. La\u00a0Semaine d'\u00c9tudes en Chimie Organique\u00a0(SECO)\u00a0est un \u00e9v\u00e9nement annuel qui permet une semaine d'\u00e9changes entre scientifiques. Depuis 63 ans, ce congr\u00e8s permet la rencontre entre une soixantaine de doctorants fran\u00e7ais et europ\u00e9ens et de conf\u00e9renciers invit\u00e9s, acad\u00e9miques ou industriels, de divers horizons pour aborder les diff\u00e9rents aspects de la chimie organique en toute convivialit\u00e9. Cette rencontre a pour but de permettre \u00e0 chacun de pr\u00e9senter ses travaux ainsi que de partager et\\\/ou confronter ses id\u00e9es et projets avec ses pairs. C'est aussi une formidable opportunit\u00e9 d'\u00e9largir ses connaissances dans les diff\u00e9rents domaines de la chimie organique.\",\"breadcrumb\":{\"@id\":\"https:\\\/\\\/congres-seco.com\\\/#breadcrumb\"},\"inLanguage\":\"fr-FR\",\"potentialAction\":[{\"@type\":\"ReadAction\",\"target\":[\"https:\\\/\\\/congres-seco.com\\\/\"]}]},{\"@type\":\"ImageObject\",\"inLanguage\":\"fr-FR\",\"@id\":\"https:\\\/\\\/congres-seco.com\\\/#primaryimage\",\"url\":\"https:\\\/\\\/congres-seco.com\\\/wp-content\\\/uploads\\\/2025\\\/09\\\/argeles1.jpg\",\"contentUrl\":\"https:\\\/\\\/congres-seco.com\\\/wp-content\\\/uploads\\\/2025\\\/09\\\/argeles1.jpg\",\"width\":1005,\"height\":670},{\"@type\":\"BreadcrumbList\",\"@id\":\"https:\\\/\\\/congres-seco.com\\\/#breadcrumb\",\"itemListElement\":[{\"@type\":\"ListItem\",\"position\":1,\"name\":\"Accueil\",\"item\":\"https:\\\/\\\/congres-seco.com\\\/\"},{\"@type\":\"ListItem\",\"position\":2,\"name\":\"Accueil\"}]},{\"@type\":\"WebSite\",\"@id\":\"https:\\\/\\\/congres-seco.com\\\/#website\",\"url\":\"https:\\\/\\\/congres-seco.com\\\/\",\"name\":\"Seco 63 - Semaine d'\u00e9tudes en chimie organique\",\"description\":\"\",\"publisher\":{\"@id\":\"https:\\\/\\\/congres-seco.com\\\/#organization\"},\"potentialAction\":[{\"@type\":\"SearchAction\",\"target\":{\"@type\":\"EntryPoint\",\"urlTemplate\":\"https:\\\/\\\/congres-seco.com\\\/?s={search_term_string}\"},\"query-input\":{\"@type\":\"PropertyValueSpecification\",\"valueRequired\":true,\"valueName\":\"search_term_string\"}}],\"inLanguage\":\"fr-FR\"},{\"@type\":\"Organization\",\"@id\":\"https:\\\/\\\/congres-seco.com\\\/#organization\",\"name\":\"Seco 63 - Semaine d'\u00e9tudes en chimie organique\",\"url\":\"https:\\\/\\\/congres-seco.com\\\/\",\"logo\":{\"@type\":\"ImageObject\",\"inLanguage\":\"fr-FR\",\"@id\":\"https:\\\/\\\/congres-seco.com\\\/#\\\/schema\\\/logo\\\/image\\\/\",\"url\":\"https:\\\/\\\/congres-seco.com\\\/wp-content\\\/uploads\\\/2025\\\/09\\\/cropped-cropped-seco63-cropped.png\",\"contentUrl\":\"https:\\\/\\\/congres-seco.com\\\/wp-content\\\/uploads\\\/2025\\\/09\\\/cropped-cropped-seco63-cropped.png\",\"width\":466,\"height\":360,\"caption\":\"Seco 63 - Semaine d'\u00e9tudes en chimie organique\"},\"image\":{\"@id\":\"https:\\\/\\\/congres-seco.com\\\/#\\\/schema\\\/logo\\\/image\\\/\"}}]}<\/script>\n<!-- \/ Yoast SEO plugin. -->","yoast_head_json":{"title":"Seco 63 - Semaine d&#039;\u00e9tudes en chimie organique","description":"La 63\u00e8me \u00e9dition de la SECO aura lieu \u00e0 Argel\u00e8s-sur-Mer du 17 au 22 mai 2026. La\u00a0Semaine d'\u00c9tudes en Chimie Organique\u00a0(SECO)\u00a0est un \u00e9v\u00e9nement annuel qui permet une semaine d'\u00e9changes entre scientifiques. Depuis 63 ans, ce congr\u00e8s permet la rencontre entre une soixantaine de doctorants fran\u00e7ais et europ\u00e9ens et de conf\u00e9renciers invit\u00e9s, acad\u00e9miques ou industriels, de divers horizons pour aborder les diff\u00e9rents aspects de la chimie organique en toute convivialit\u00e9. Cette rencontre a pour but de permettre \u00e0 chacun de pr\u00e9senter ses travaux ainsi que de partager et\/ou confronter ses id\u00e9es et projets avec ses pairs. C'est aussi une formidable opportunit\u00e9 d'\u00e9largir ses connaissances dans les diff\u00e9rents domaines de la chimie organique.","robots":{"index":"index","follow":"follow","max-snippet":"max-snippet:-1","max-image-preview":"max-image-preview:large","max-video-preview":"max-video-preview:-1"},"canonical":"https:\/\/congres-seco.com\/","og_locale":"fr_FR","og_type":"article","og_title":"Seco 63 - Semaine d&#039;\u00e9tudes en chimie organique","og_description":"La 63\u00e8me \u00e9dition de la SECO aura lieu \u00e0 Argel\u00e8s-sur-Mer du 17 au 22 mai 2026. La\u00a0Semaine d'\u00c9tudes en Chimie Organique\u00a0(SECO)\u00a0est un \u00e9v\u00e9nement annuel qui permet une semaine d'\u00e9changes entre scientifiques. Depuis 63 ans, ce congr\u00e8s permet la rencontre entre une soixantaine de doctorants fran\u00e7ais et europ\u00e9ens et de conf\u00e9renciers invit\u00e9s, acad\u00e9miques ou industriels, de divers horizons pour aborder les diff\u00e9rents aspects de la chimie organique en toute convivialit\u00e9. Cette rencontre a pour but de permettre \u00e0 chacun de pr\u00e9senter ses travaux ainsi que de partager et\/ou confronter ses id\u00e9es et projets avec ses pairs. C'est aussi une formidable opportunit\u00e9 d'\u00e9largir ses connaissances dans les diff\u00e9rents domaines de la chimie organique.","og_url":"https:\/\/congres-seco.com\/","og_site_name":"Seco 63 - Semaine d&#039;\u00e9tudes en chimie organique","article_modified_time":"2026-02-23T08:37:33+00:00","og_image":[{"width":1005,"height":670,"url":"https:\/\/congres-seco.com\/wp-content\/uploads\/2025\/09\/argeles1.jpg","type":"image\/jpeg"}],"twitter_card":"summary_large_image","twitter_misc":{"Dur\u00e9e de lecture estim\u00e9e":"2 minutes"},"schema":{"@context":"https:\/\/schema.org","@graph":[{"@type":"WebPage","@id":"https:\/\/congres-seco.com\/","url":"https:\/\/congres-seco.com\/","name":"Seco 63 - Semaine d&#039;\u00e9tudes en chimie organique","isPartOf":{"@id":"https:\/\/congres-seco.com\/#website"},"primaryImageOfPage":{"@id":"https:\/\/congres-seco.com\/#primaryimage"},"image":{"@id":"https:\/\/congres-seco.com\/#primaryimage"},"thumbnailUrl":"http:\/\/congres-seco.com\/wp-content\/uploads\/2025\/09\/argeles1.jpg","datePublished":"2024-10-02T17:04:25+00:00","dateModified":"2026-02-23T08:37:33+00:00","description":"La 63\u00e8me \u00e9dition de la SECO aura lieu \u00e0 Argel\u00e8s-sur-Mer du 17 au 22 mai 2026. La\u00a0Semaine d'\u00c9tudes en Chimie Organique\u00a0(SECO)\u00a0est un \u00e9v\u00e9nement annuel qui permet une semaine d'\u00e9changes entre scientifiques. Depuis 63 ans, ce congr\u00e8s permet la rencontre entre une soixantaine de doctorants fran\u00e7ais et europ\u00e9ens et de conf\u00e9renciers invit\u00e9s, acad\u00e9miques ou industriels, de divers horizons pour aborder les diff\u00e9rents aspects de la chimie organique en toute convivialit\u00e9. Cette rencontre a pour but de permettre \u00e0 chacun de pr\u00e9senter ses travaux ainsi que de partager et\/ou confronter ses id\u00e9es et projets avec ses pairs. C'est aussi une formidable opportunit\u00e9 d'\u00e9largir ses connaissances dans les diff\u00e9rents domaines de la chimie organique.","breadcrumb":{"@id":"https:\/\/congres-seco.com\/#breadcrumb"},"inLanguage":"fr-FR","potentialAction":[{"@type":"ReadAction","target":["https:\/\/congres-seco.com\/"]}]},{"@type":"ImageObject","inLanguage":"fr-FR","@id":"https:\/\/congres-seco.com\/#primaryimage","url":"https:\/\/congres-seco.com\/wp-content\/uploads\/2025\/09\/argeles1.jpg","contentUrl":"https:\/\/congres-seco.com\/wp-content\/uploads\/2025\/09\/argeles1.jpg","width":1005,"height":670},{"@type":"BreadcrumbList","@id":"https:\/\/congres-seco.com\/#breadcrumb","itemListElement":[{"@type":"ListItem","position":1,"name":"Accueil","item":"https:\/\/congres-seco.com\/"},{"@type":"ListItem","position":2,"name":"Accueil"}]},{"@type":"WebSite","@id":"https:\/\/congres-seco.com\/#website","url":"https:\/\/congres-seco.com\/","name":"Seco 63 - Semaine d'\u00e9tudes en chimie organique","description":"","publisher":{"@id":"https:\/\/congres-seco.com\/#organization"},"potentialAction":[{"@type":"SearchAction","target":{"@type":"EntryPoint","urlTemplate":"https:\/\/congres-seco.com\/?s={search_term_string}"},"query-input":{"@type":"PropertyValueSpecification","valueRequired":true,"valueName":"search_term_string"}}],"inLanguage":"fr-FR"},{"@type":"Organization","@id":"https:\/\/congres-seco.com\/#organization","name":"Seco 63 - Semaine d'\u00e9tudes en chimie organique","url":"https:\/\/congres-seco.com\/","logo":{"@type":"ImageObject","inLanguage":"fr-FR","@id":"https:\/\/congres-seco.com\/#\/schema\/logo\/image\/","url":"https:\/\/congres-seco.com\/wp-content\/uploads\/2025\/09\/cropped-cropped-seco63-cropped.png","contentUrl":"https:\/\/congres-seco.com\/wp-content\/uploads\/2025\/09\/cropped-cropped-seco63-cropped.png","width":466,"height":360,"caption":"Seco 63 - Semaine d'\u00e9tudes en chimie organique"},"image":{"@id":"https:\/\/congres-seco.com\/#\/schema\/logo\/image\/"}}]}},"_links":{"self":[{"href":"https:\/\/congres-seco.com\/index.php\/wp-json\/wp\/v2\/pages\/17","targetHints":{"allow":["GET"]}}],"collection":[{"href":"https:\/\/congres-seco.com\/index.php\/wp-json\/wp\/v2\/pages"}],"about":[{"href":"https:\/\/congres-seco.com\/index.php\/wp-json\/wp\/v2\/types\/page"}],"author":[{"embeddable":true,"href":"https:\/\/congres-seco.com\/index.php\/wp-json\/wp\/v2\/users\/1"}],"replies":[{"embeddable":true,"href":"https:\/\/congres-seco.com\/index.php\/wp-json\/wp\/v2\/comments?post=17"}],"version-history":[{"count":32,"href":"https:\/\/congres-seco.com\/index.php\/wp-json\/wp\/v2\/pages\/17\/revisions"}],"predecessor-version":[{"id":701,"href":"https:\/\/congres-seco.com\/index.php\/wp-json\/wp\/v2\/pages\/17\/revisions\/701"}],"wp:attachment":[{"href":"https:\/\/congres-seco.com\/index.php\/wp-json\/wp\/v2\/media?parent=17"}],"curies":[{"name":"wp","href":"https:\/\/api.w.org\/{rel}","templated":true}]}}